{"id":1226,"date":"2015-06-30T12:17:17","date_gmt":"2015-06-30T16:17:17","guid":{"rendered":"http:\/\/casaubon-mougeot.com\/?page_id=1226"},"modified":"2017-07-27T18:57:46","modified_gmt":"2017-07-27T22:57:46","slug":"bertrand-casaubon","status":"publish","type":"page","link":"https:\/\/handmadepaperart.com\/en\/bertrand-casaubon\/","title":{"rendered":"Bertrand Casaubon"},"content":{"rendered":"<div class=\"wpb-content-wrapper\"><p>[vc_row][vc_column width=&#8221;2\/3&#8243;][vc_column_text]Le go\u00fbt des formes, l\u2019\u00e9quilibre dans l\u2019espace, les arabesques d\u2019\u00e9l\u00e9ments, tout cela contribue \u00e0 \u00e9clairer mon cheminement. Les myst\u00e8res d&#8217;antiques civilisations, la symbolique des lignes, le vent dans les arbres, l\u2019inspiration d\u2019un moment et l\u2019\u00e9mergence de l\u2019incontournable, tout s\u2019exprime dans la mati\u00e8re papier que je transforme et grave. La modification de cette mati\u00e8re vient \u00e0 son tour r\u00e9pondre au questionnement, modifiant l\u2019objet, tel l\u2019art\u00e9fact retrouv\u00e9.[\/vc_column_text][\/vc_column][vc_column width=&#8221;1\/3&#8243;][vc_single_image image=&#8221;19004&#8243; img_size=&#8221;full&#8221; css_animation=&#8221;slideInLeft&#8221;][\/vc_column][\/vc_row]<\/p>\n<\/div>","protected":false},"excerpt":{"rendered":"<p>[vc_row][vc_column width=&#8221;2\/3&#8243;][vc_column_text]Le go\u00fbt des formes, l\u2019\u00e9quilibre dans l\u2019espace, les arabesques d\u2019\u00e9l\u00e9ments, tout cela contribue \u00e0 \u00e9clairer mon cheminement. Les myst\u00e8res d&#8217;antiques civilisations, la symbolique des lignes, le vent dans les arbres, l\u2019inspiration d\u2019un moment et l\u2019\u00e9mergence de l\u2019incontournable, tout s\u2019exprime dans la mati\u00e8re papier que je transforme et grave. La modification de cette mati\u00e8re vient [&hellip;]<\/p>\n","protected":false},"author":1,"featured_media":0,"parent":0,"menu_order":0,"comment_status":"closed","ping_status":"open","template":"","meta":{"footnotes":""},"_links":{"self":[{"href":"https:\/\/handmadepaperart.com\/en\/wp-json\/wp\/v2\/pages\/1226"}],"collection":[{"href":"https:\/\/handmadepaperart.com\/en\/wp-json\/wp\/v2\/pages"}],"about":[{"href":"https:\/\/handmadepaperart.com\/en\/wp-json\/wp\/v2\/types\/page"}],"author":[{"embeddable":true,"href":"https:\/\/handmadepaperart.com\/en\/wp-json\/wp\/v2\/users\/1"}],"replies":[{"embeddable":true,"href":"https:\/\/handmadepaperart.com\/en\/wp-json\/wp\/v2\/comments?post=1226"}],"version-history":[{"count":6,"href":"https:\/\/handmadepaperart.com\/en\/wp-json\/wp\/v2\/pages\/1226\/revisions"}],"predecessor-version":[{"id":19005,"href":"https:\/\/handmadepaperart.com\/en\/wp-json\/wp\/v2\/pages\/1226\/revisions\/19005"}],"wp:attachment":[{"href":"https:\/\/handmadepaperart.com\/en\/wp-json\/wp\/v2\/media?parent=1226"}],"curies":[{"name":"wp","href":"https:\/\/api.w.org\/{rel}","templated":true}]}}