{"id":1229,"date":"2015-06-30T12:17:47","date_gmt":"2015-06-30T16:17:47","guid":{"rendered":"http:\/\/casaubon-mougeot.com\/?page_id=1229"},"modified":"2019-03-27T09:59:37","modified_gmt":"2019-03-27T13:59:37","slug":"isabelle-mougeot","status":"publish","type":"page","link":"https:\/\/handmadepaperart.com\/en\/isabelle-mougeot\/","title":{"rendered":"Isabelle Mougeot"},"content":{"rendered":"<p><img decoding=\"async\" loading=\"lazy\" class=\"size-medium wp-image-19002 alignright\" src=\"http:\/\/casaubon-mougeot.com\/wp-content\/uploads\/2015\/06\/13411774_1063689793690564_3905087876786789781_o1-300x300.jpg\" alt=\"\" width=\"300\" height=\"300\" srcset=\"https:\/\/handmadepaperart.com\/wp-content\/uploads\/2015\/06\/13411774_1063689793690564_3905087876786789781_o1-300x300.jpg 300w, https:\/\/handmadepaperart.com\/wp-content\/uploads\/2015\/06\/13411774_1063689793690564_3905087876786789781_o1-150x150.jpg 150w, https:\/\/handmadepaperart.com\/wp-content\/uploads\/2015\/06\/13411774_1063689793690564_3905087876786789781_o1-768x768.jpg 768w, https:\/\/handmadepaperart.com\/wp-content\/uploads\/2015\/06\/13411774_1063689793690564_3905087876786789781_o1-1024x1024.jpg 1024w, https:\/\/handmadepaperart.com\/wp-content\/uploads\/2015\/06\/13411774_1063689793690564_3905087876786789781_o1.jpg 1152w\" sizes=\"(max-width: 300px) 100vw, 300px\" \/><\/p>\n<blockquote><p>\u00ab Cr\u00e9er et produire des \u0153uvres personnelles a toujours \u00e9t\u00e9, depuis mon enfance, ma fa\u00e7on de vivre et de voir le monde. C&#8217;est gr\u00e2ce \u00e0 une technique appartenant au domaine des m\u00e9tiers d&#8217;art, technique vieille de plus de deux mille ans, que ma passion s\u2019est d\u00e9velopp\u00e9e. \u00bb<\/p>\n<p>&#8211; Isabelle Mougeot<\/p><\/blockquote>\n<p>La rencontre avec l\u2019univers du papier fait main fut un d\u00e9clencheur puissant pour l\u2019artiste. L\u2019exploration des grandes possibilit\u00e9s de transformation des fibres de coton, de lin et de bois lui a permis de d\u00e9velopper diverses techniques pour donner corps \u00e0 son monde int\u00e9rieur. \u00c0 la recherche constante de nouvelles textures, elle travaille par modelage et fa\u00e7onnage en gravant des plaques ou en improvisant directement dans les fibres humides. Isabelle Mougeot cr\u00e9e des tableaux en relief peupl\u00e9s de symboles, ainsi que des objets sculpturaux. Depuis 1990, elle travaille comme papeti\u00e8re d\u2019art professionnelle. Artiste au rayonnement international, ses \u0153uvres se sont vues expos\u00e9es dans plusieurs pays, notamment au Canada, aux \u00c9tats-Unis, en Allemagne, en Italie, en France, en Cor\u00e9e du Sud , en Australie et aux Antilles. Boursi\u00e8re du Conseil des arts et des lettres du Qu\u00e9bec et de la SODEC et r\u00e9cipiendaire de plusieurs prix, elle est membre du Conseil des m\u00e9tiers d\u2019art du Qu\u00e9bec , du Conseil Mont\u00e9r\u00e9gien de la culture et des communications ainsi que de l\u2019International Association of Paper artists. Durant plusieurs ann\u00e9es, madame Mougeot a si\u00e9g\u00e9 sur le comit\u00e9 de la politique culturelle de la commission scolaire de Saint-Hyacinthe. Depuis 10 ans elle donne aussi des ateliers d&#8217;art dans le cadre du programme gouvernemental <a href=\"https:\/\/cultureeducation.mcc.gouv.qc.ca\/repertoire\/30046\" target=\"_blank\" rel=\"noopener\">Artiste \u00e0 l&#8217;\u00e9cole<\/a>.<\/p>\n<p><img decoding=\"async\" loading=\"lazy\" class=\"wp-image-19441 size-large aligncenter\" src=\"http:\/\/casaubon-mougeot.com\/wp-content\/uploads\/36-Laisser-circuler-l\u00e9nergie-4\u00bdX7\u00bd-1024x633.jpg\" alt=\"\" width=\"1024\" height=\"633\" srcset=\"https:\/\/handmadepaperart.com\/wp-content\/uploads\/36-Laisser-circuler-l\u00e9nergie-4\u00bdX7\u00bd.jpg 1024w, https:\/\/handmadepaperart.com\/wp-content\/uploads\/36-Laisser-circuler-l\u00e9nergie-4\u00bdX7\u00bd-300x185.jpg 300w, https:\/\/handmadepaperart.com\/wp-content\/uploads\/36-Laisser-circuler-l\u00e9nergie-4\u00bdX7\u00bd-768x475.jpg 768w\" sizes=\"(max-width: 1024px) 100vw, 1024px\" \/><\/p>","protected":false},"excerpt":{"rendered":"<p>\u00ab Cr\u00e9er et produire des \u0153uvres personnelles a toujours \u00e9t\u00e9, depuis mon enfance, ma fa\u00e7on de vivre et de voir le monde. C&#8217;est gr\u00e2ce \u00e0 une technique appartenant au domaine des m\u00e9tiers d&#8217;art, technique vieille de plus de deux mille ans, que ma passion s\u2019est d\u00e9velopp\u00e9e. \u00bb &#8211; Isabelle Mougeot La rencontre avec l\u2019univers du [&hellip;]<\/p>\n","protected":false},"author":1,"featured_media":0,"parent":0,"menu_order":0,"comment_status":"closed","ping_status":"open","template":"","meta":{"footnotes":""},"_links":{"self":[{"href":"https:\/\/handmadepaperart.com\/en\/wp-json\/wp\/v2\/pages\/1229"}],"collection":[{"href":"https:\/\/handmadepaperart.com\/en\/wp-json\/wp\/v2\/pages"}],"about":[{"href":"https:\/\/handmadepaperart.com\/en\/wp-json\/wp\/v2\/types\/page"}],"author":[{"embeddable":true,"href":"https:\/\/handmadepaperart.com\/en\/wp-json\/wp\/v2\/users\/1"}],"replies":[{"embeddable":true,"href":"https:\/\/handmadepaperart.com\/en\/wp-json\/wp\/v2\/comments?post=1229"}],"version-history":[{"count":11,"href":"https:\/\/handmadepaperart.com\/en\/wp-json\/wp\/v2\/pages\/1229\/revisions"}],"predecessor-version":[{"id":19460,"href":"https:\/\/handmadepaperart.com\/en\/wp-json\/wp\/v2\/pages\/1229\/revisions\/19460"}],"wp:attachment":[{"href":"https:\/\/handmadepaperart.com\/en\/wp-json\/wp\/v2\/media?parent=1229"}],"curies":[{"name":"wp","href":"https:\/\/api.w.org\/{rel}","templated":true}]}}