{"id":1236,"date":"2015-06-30T12:23:29","date_gmt":"2015-06-30T16:23:29","guid":{"rendered":"http:\/\/casaubon-mougeot.com\/shop\/"},"modified":"2017-08-01T04:25:51","modified_gmt":"2017-08-01T08:25:51","slug":"boutique","status":"publish","type":"page","link":"https:\/\/handmadepaperart.com\/en\/shop\/","title":{"rendered":"Shop"},"content":{"rendered":"<p>Les feuilles des signets et des cartes sont fabriqu\u00e9es en papier fait \u00e0 la main par les artistes selon le proc\u00e9d\u00e9 ancestral dit \u00ab\u00a0\u00e0 la cuve\u00a0\u00bb avec de la fibre de bois canadienne sans acide. Les reliefs des signets s\u2019obtiennent en pressant de petites plaques de bois dans la fibre encore humide. Une fois s\u00e9ch\u00e9s, les papiers sont peints \u00e0 la main \u00e0 l\u2019acrylique. Tous nos objets M\u00e9tiers d\u2019art sont sign\u00e9s \u00e0 la main.<\/p>\n","protected":false},"excerpt":{"rendered":"<p>Les feuilles des signets et des cartes sont fabriqu\u00e9es en papier fait \u00e0 la main par les artistes selon le proc\u00e9d\u00e9 ancestral dit \u00ab\u00a0\u00e0 la cuve\u00a0\u00bb avec de la fibre de bois canadienne sans acide. Les reliefs des signets s\u2019obtiennent en pressant de petites plaques de bois dans la fibre encore humide. Une fois s\u00e9ch\u00e9s, [&hellip;]<\/p>\n","protected":false},"author":1,"featured_media":0,"parent":0,"menu_order":0,"comment_status":"closed","ping_status":"open","template":"","meta":{"footnotes":""},"_links":{"self":[{"href":"https:\/\/handmadepaperart.com\/en\/wp-json\/wp\/v2\/pages\/1236"}],"collection":[{"href":"https:\/\/handmadepaperart.com\/en\/wp-json\/wp\/v2\/pages"}],"about":[{"href":"https:\/\/handmadepaperart.com\/en\/wp-json\/wp\/v2\/types\/page"}],"author":[{"embeddable":true,"href":"https:\/\/handmadepaperart.com\/en\/wp-json\/wp\/v2\/users\/1"}],"replies":[{"embeddable":true,"href":"https:\/\/handmadepaperart.com\/en\/wp-json\/wp\/v2\/comments?post=1236"}],"version-history":[{"count":5,"href":"https:\/\/handmadepaperart.com\/en\/wp-json\/wp\/v2\/pages\/1236\/revisions"}],"predecessor-version":[{"id":19447,"href":"https:\/\/handmadepaperart.com\/en\/wp-json\/wp\/v2\/pages\/1236\/revisions\/19447"}],"wp:attachment":[{"href":"https:\/\/handmadepaperart.com\/en\/wp-json\/wp\/v2\/media?parent=1236"}],"curies":[{"name":"wp","href":"https:\/\/api.w.org\/{rel}","templated":true}]}}