{"id":706,"date":"2014-08-30T19:48:05","date_gmt":"2014-08-30T19:48:05","guid":{"rendered":"http:\/\/askexpert.co.in\/artist\/?page_id=706"},"modified":"2022-06-29T14:08:54","modified_gmt":"2022-06-29T18:08:54","slug":"home-2","status":"publish","type":"page","link":"https:\/\/handmadepaperart.com\/en\/","title":{"rendered":"Home"},"content":{"rendered":"<div class=\"wpb-content-wrapper\"><p>[vc_row full_width=&#8221;stretch_row&#8221;][vc_column][rev_slider_vc alias=&#8221;cmv1&#8243;][\/vc_column][\/vc_row][vc_row][vc_column][vc_column_text css_animation=&#8221;none&#8221;]<span style=\"font-size: 120%;\">L\u2019atelier Casaubon Mougeot est la r\u00e9alisation de deux artistes professionnels, \u00a0Bertrand Casaubon\u00a0 depuis 1978 et Isabelle Mougeot depuis 1990. Nous donnons corps \u00e0 notre imaginaire au travers du papier que nous fabriquons \u00e0 la main. Ce medium passionnant offre une multitude de possibilit\u00e9s. \u00a0Nous cr\u00e9ons des \u0153uvres en relief par diff\u00e9rents proc\u00e9d\u00e9s soit sur plaque grav\u00e9e, technique de monotype travaill\u00e9 directement dans la fibre humide, \u00a0fa\u00e7onnage en \u00a0bas-relief. Nos \u0153uvres et nos objets m\u00e9tiers d\u2019art ont \u00e9t\u00e9s expos\u00e9s \u00e0 travers le monde\u00a0: Canada, Antilles Fran\u00e7aises, Allemagne, Japon, France, Australie, Italie, \u00c9tats-Unis, Belgique, Malaisie, Cor\u00e9e du Sud. \u00a0Bienvenue dans notre univers de cr\u00e9ation.<\/span>[\/vc_column_text][vc_separator][\/vc_column][\/vc_row][vc_row css=&#8221;.vc_custom_1554917633402{border-top-width: 1px !important;border-right-width: 1px !important;border-bottom-width: 1px !important;border-left-width: 1px !important;padding-top: 20px !important;padding-right: 20px !important;padding-bottom: 20px !important;padding-left: 20px !important;background-color: #f4f8fc !important;border-left-color: #1e73be !important;border-left-style: solid !important;border-right-color: #1e73be !important;border-right-style: solid !important;border-top-color: #1e73be !important;border-top-style: solid !important;border-bottom-color: #1e73be !important;border-bottom-style: solid !important;border-radius: 5px !important;}&#8221;][vc_column width=&#8221;3\/4&#8243;][vc_column_text css=&#8221;.vc_custom_1656525373331{background-position: center !important;background-repeat: no-repeat !important;background-size: contain !important;}&#8221;]<\/p>\n<h2>Visite de l&#8217;atelier d&#8217;Isabelle Mougeot \u00e0 Val-David<\/h2>\n<h3>Exposition \/ Boutique<\/h3>\n<h4><span style=\"color: #cc0000;\">Du 1er juillet au 31 ao\u00fbt, les vendredis, samedis et dimanches de 10h \u00e0 17h<\/span><\/h4>\n<p>1037, chemin de la rivi\u00e8re<br \/>\nVal-David, (Qu\u00e9bec)<br \/>\nJ0T 2N0<br \/>\nT\u00e9l\u00e9phone: <strong>(819) 323-8055<\/strong>[\/vc_column_text][vc_btn title=&#8221;Comment s&#8217;y rendre&#8221; color=&#8221;green&#8221; align=&#8221;left&#8221; link=&#8221;url:https%3A%2F%2Fwww.google.com%2Fmaps%2Fplace%2F1037%2BChemin%2Bde%2Bla%2BRivi%25C3%25A8re%2C%2BVal-David%2C%2BQC%2BJ0T%2B2N0%2F%4046.0210936%2C-74.2031335%2C17z%2Fdata%3D!4m13!1m7!3m6!1s0x4ccf3f6e10a449c9%3A0xc90cb26d378481db!2s1037%2BChemin%2Bde%2Bla%2BRivi%25C3%25A8re%2C%2BVal-David%2C%2BQC%2BJ0T%2B2N0!3b1!8m2!3d46.0212164!4d-74.20342!3m4!1s0x4ccf3f6e10a449c9%3A0xc90cb26d378481db!8m2!3d46.0212164!4d-74.20342||target:%20_blank|&#8221;][\/vc_column][vc_column width=&#8221;1\/4&#8243; css=&#8221;.vc_custom_1554917837584{background-position: center !important;background-repeat: no-repeat !important;background-size: cover !important;}&#8221;][vc_single_image image=&#8221;19436&#8243; img_size=&#8221;600&#215;600&#8243; css=&#8221;.vc_custom_1554917844775{border-radius: 5px !important;}&#8221;][\/vc_column][\/vc_row]<\/p>\n<\/div>","protected":false},"excerpt":{"rendered":"<p>[vc_row full_width=&#8221;stretch_row&#8221;][vc_column][rev_slider_vc alias=&#8221;cmv1&#8243;][\/vc_column][\/vc_row][vc_row][vc_column][vc_column_text css_animation=&#8221;none&#8221;]L\u2019atelier Casaubon Mougeot est la r\u00e9alisation de deux artistes professionnels, \u00a0Bertrand Casaubon\u00a0 depuis 1978 et Isabelle Mougeot depuis 1990. Nous donnons corps \u00e0 notre imaginaire au travers du papier que nous fabriquons \u00e0 la main. Ce medium passionnant offre une multitude de possibilit\u00e9s. \u00a0Nous cr\u00e9ons des \u0153uvres en relief par diff\u00e9rents proc\u00e9d\u00e9s [&hellip;]<\/p>\n","protected":false},"author":1,"featured_media":0,"parent":0,"menu_order":0,"comment_status":"closed","ping_status":"open","template":"page-fullwidth.php","meta":{"footnotes":""},"_links":{"self":[{"href":"https:\/\/handmadepaperart.com\/en\/wp-json\/wp\/v2\/pages\/706"}],"collection":[{"href":"https:\/\/handmadepaperart.com\/en\/wp-json\/wp\/v2\/pages"}],"about":[{"href":"https:\/\/handmadepaperart.com\/en\/wp-json\/wp\/v2\/types\/page"}],"author":[{"embeddable":true,"href":"https:\/\/handmadepaperart.com\/en\/wp-json\/wp\/v2\/users\/1"}],"replies":[{"embeddable":true,"href":"https:\/\/handmadepaperart.com\/en\/wp-json\/wp\/v2\/comments?post=706"}],"version-history":[{"count":26,"href":"https:\/\/handmadepaperart.com\/en\/wp-json\/wp\/v2\/pages\/706\/revisions"}],"predecessor-version":[{"id":19541,"href":"https:\/\/handmadepaperart.com\/en\/wp-json\/wp\/v2\/pages\/706\/revisions\/19541"}],"wp:attachment":[{"href":"https:\/\/handmadepaperart.com\/en\/wp-json\/wp\/v2\/media?parent=706"}],"curies":[{"name":"wp","href":"https:\/\/api.w.org\/{rel}","templated":true}]}}