{"id":712,"date":"2014-08-30T19:49:55","date_gmt":"2014-08-30T23:49:55","guid":{"rendered":"http:\/\/askexpert.co.in\/artist\/?page_id=712"},"modified":"2017-07-30T20:52:08","modified_gmt":"2017-07-31T00:52:08","slug":"les-oeuvres","status":"publish","type":"page","link":"https:\/\/handmadepaperart.com\/en\/isabelle-mougeot\/les-oeuvres\/","title":{"rendered":"Art Pieces"},"content":{"rendered":"\t\t\t<style>\r\n                #foogallery-gallery-19428.fg-justified .fg-item {\r\n                    margin-right: 4px;\r\n                    margin-bottom: 4px;\r\n                }\r\n\r\n                #foogallery-gallery-19428.fg-justified .fg-image {\r\n                    height: 200px;\r\n                }\r\n\t\t\t<\/style>\r\n\t\t\t<div class=\"foogallery foogallery-container foogallery-justified foogallery-lightbox-none fg-justified fg-light fg-border-thin fg-shadow-outline fg-loading-default fg-loaded-fade-in fg-caption-hover fg-hover-fade fg-hover-zoom fg-ready\" id=\"foogallery-gallery-19428\" data-foogallery=\"{&quot;item&quot;:{&quot;showCaptionTitle&quot;:true,&quot;showCaptionDescription&quot;:true},&quot;lazy&quot;:true,&quot;template&quot;:{&quot;rowHeight&quot;:200,&quot;maxRowHeight&quot;:600,&quot;margins&quot;:4,&quot;align&quot;:&quot;center&quot;,&quot;lastRow&quot;:&quot;smart&quot;}}\" >\r\n\t<div class=\"fg-item fg-type-image fg-idle\"><figure class=\"fg-item-inner\"><a href=\"https:\/\/handmadepaperart.com\/wp-content\/uploads\/2017\/07\/Gualala-Bien.jpg\" data-caption-title=\"Gualala-Bien\" data-caption-desc=\"Gualala Bien\" data-attachment-id=\"18977\" class=\"fg-thumb\" data-rel=\"lightbox-image-0\" data-rl_title=\"\" data-rl_caption=\"\"><span class=\"fg-image-wrap\"><img title=\"\" height=\"600\" width=\"1464\" class=\"skip-lazy fg-image\" data-src-fg=\"https:\/\/handmadepaperart.com\/wp-content\/uploads\/cache\/2017\/07\/Gualala-Bien\/44322634.jpg\" src=\"data:image\/svg+xml,%3Csvg%20xmlns%3D%22http%3A%2F%2Fwww.w3.org%2F2000%2Fsvg%22%20width%3D%221464%22%20height%3D%22600%22%20viewBox%3D%220%200%201464%20600%22%3E%3C%2Fsvg%3E\" loading=\"eager\"><\/span><span class=\"fg-image-overlay\"><\/span><\/a><figcaption class=\"fg-caption\"><div class=\"fg-caption-inner\"><div class=\"fg-caption-title\">Gualala-Bien<\/div><div class=\"fg-caption-desc\">Gualala Bien<\/div><\/div><\/figcaption><\/figure><div class=\"fg-loader\"><\/div><\/div><div class=\"fg-item fg-type-image fg-idle\"><figure class=\"fg-item-inner\"><a href=\"https:\/\/handmadepaperart.com\/wp-content\/uploads\/2015\/07\/pic1081.jpg\" data-caption-title=\"Intensit\u00e9\" data-caption-desc=\"Intensit\u00e9,15&#039;&#039;x24&#039;&#039;,papier fait \u00e0 la main par l&#039;artiste, relief,peinture acrylique.original en \u00e9dition limit\u00e9 sur 50\" data-attachment-id=\"1250\" class=\"fg-thumb\" data-rel=\"lightbox-image-1\" data-rl_title=\"\" data-rl_caption=\"\"><span class=\"fg-image-wrap\"><img title=\"\" height=\"600\" width=\"1337.0473537604\" class=\"skip-lazy fg-image\" data-src-fg=\"https:\/\/handmadepaperart.com\/wp-content\/uploads\/2015\/07\/pic1081.jpg\" src=\"data:image\/svg+xml,%3Csvg%20xmlns%3D%22http%3A%2F%2Fwww.w3.org%2F2000%2Fsvg%22%20width%3D%221337.0473537604%22%20height%3D%22600%22%20viewBox%3D%220%200%201337.0473537604%20600%22%3E%3C%2Fsvg%3E\" loading=\"eager\"><\/span><span class=\"fg-image-overlay\"><\/span><\/a><figcaption class=\"fg-caption\"><div class=\"fg-caption-inner\"><div class=\"fg-caption-title\">Intensit\u00e9<\/div><div class=\"fg-caption-desc\">Intensit\u00e9,15''x24'',papier fait \u00e0 la main par l'artiste, relief,peinture acrylique.original en \u00e9dition limit\u00e9 sur 50<\/div><\/div><\/figcaption><\/figure><div class=\"fg-loader\"><\/div><\/div><div class=\"fg-item fg-type-image fg-idle\"><figure class=\"fg-item-inner\"><a href=\"https:\/\/handmadepaperart.com\/wp-content\/uploads\/2015\/06\/pic1041.jpg\" data-caption-title=\"Arbre de Feu\" data-caption-desc=\"Arbre de Feu,18&#039;&#039;x18&#039;&#039;,papier fait \u00e0 la main par l&#039;artiste, relief,peinture acrylique.original en \u00e9dition limit\u00e9 sur 50\" data-attachment-id=\"1248\" class=\"fg-thumb\" data-rel=\"lightbox-image-2\" data-rl_title=\"\" data-rl_caption=\"\"><span class=\"fg-image-wrap\"><img title=\"\" height=\"600\" width=\"606.74157303371\" class=\"skip-lazy fg-image\" data-src-fg=\"https:\/\/handmadepaperart.com\/wp-content\/uploads\/2015\/06\/pic1041.jpg\" src=\"data:image\/svg+xml,%3Csvg%20xmlns%3D%22http%3A%2F%2Fwww.w3.org%2F2000%2Fsvg%22%20width%3D%22606.74157303371%22%20height%3D%22600%22%20viewBox%3D%220%200%20606.74157303371%20600%22%3E%3C%2Fsvg%3E\" loading=\"eager\"><\/span><span class=\"fg-image-overlay\"><\/span><\/a><figcaption class=\"fg-caption\"><div class=\"fg-caption-inner\"><div class=\"fg-caption-title\">Arbre de Feu<\/div><div class=\"fg-caption-desc\">Arbre de Feu,18''x18'',papier fait \u00e0 la main par l'artiste, relief,peinture acrylique.original en \u00e9dition limit\u00e9 sur 50<\/div><\/div><\/figcaption><\/figure><div class=\"fg-loader\"><\/div><\/div><div class=\"fg-item fg-type-image fg-idle\"><figure class=\"fg-item-inner\"><a href=\"https:\/\/handmadepaperart.com\/wp-content\/uploads\/Vivante-22X22.jpg\" data-caption-title=\"Vivante\" data-caption-desc=\"22&#039;&#039;x22&#039;&#039;,papier fait main,1800$\" data-attachment-id=\"19468\" class=\"fg-thumb\" data-rel=\"lightbox-image-3\" data-rl_title=\"\" data-rl_caption=\"\"><span class=\"fg-image-wrap\"><img alt=\"papier fait a la main\" title=\"\" height=\"600\" width=\"600\" class=\"skip-lazy fg-image\" data-src-fg=\"https:\/\/handmadepaperart.com\/wp-content\/uploads\/cache\/Vivante-22X22\/2746185690.jpg\" src=\"data:image\/svg+xml,%3Csvg%20xmlns%3D%22http%3A%2F%2Fwww.w3.org%2F2000%2Fsvg%22%20width%3D%22600%22%20height%3D%22600%22%20viewBox%3D%220%200%20600%20600%22%3E%3C%2Fsvg%3E\" loading=\"eager\"><\/span><span class=\"fg-image-overlay\"><\/span><\/a><figcaption class=\"fg-caption\"><div class=\"fg-caption-inner\"><div class=\"fg-caption-title\">Vivante<\/div><div class=\"fg-caption-desc\">22''x22'',papier fait main,1800$<\/div><\/div><\/figcaption><\/figure><div class=\"fg-loader\"><\/div><\/div><div class=\"fg-item fg-type-image fg-idle\"><figure class=\"fg-item-inner\"><a href=\"https:\/\/handmadepaperart.com\/wp-content\/uploads\/Le-secret-du-coquillage8X12.jpg\" data-caption-title=\"Le secret du coquillage,8&#039;&#039;X12&#039;&#039;\" data-caption-desc=\"Le Secret du Coquillage,8&#039;&#039;x12&#039;&#039;,papier fait a la main,argile,grav\u00e9 au stylet et fa\u00e7onn\u00e9,peinture acrylique\" data-attachment-id=\"19472\" class=\"fg-thumb\" data-rel=\"lightbox-image-4\" data-rl_title=\"\" data-rl_caption=\"\"><span class=\"fg-image-wrap\"><img title=\"\" height=\"600\" width=\"487\" class=\"skip-lazy fg-image\" data-src-fg=\"https:\/\/handmadepaperart.com\/wp-content\/uploads\/cache\/Le-secret-du-coquillage8X12\/1416875080.jpg\" src=\"data:image\/svg+xml,%3Csvg%20xmlns%3D%22http%3A%2F%2Fwww.w3.org%2F2000%2Fsvg%22%20width%3D%22487%22%20height%3D%22600%22%20viewBox%3D%220%200%20487%20600%22%3E%3C%2Fsvg%3E\" loading=\"eager\"><\/span><span class=\"fg-image-overlay\"><\/span><\/a><figcaption class=\"fg-caption\"><div class=\"fg-caption-inner\"><div class=\"fg-caption-title\">Le secret du coquillage,8''X12''<\/div><div class=\"fg-caption-desc\">Le Secret du Coquillage,8''x12'',papier fait a la main,argile,grav\u00e9 au stylet et fa\u00e7onn\u00e9,peinture acrylique<\/div><\/div><\/figcaption><\/figure><div class=\"fg-loader\"><\/div><\/div><div class=\"fg-item fg-type-image fg-idle\"><figure class=\"fg-item-inner\"><a href=\"https:\/\/handmadepaperart.com\/wp-content\/uploads\/Le-roi-du-libre-arbitre12X12.jpg\" data-caption-title=\"Le roi du libre arbitre,12&#039;&#039;X12&#039;&#039;\" data-caption-desc=\"Le Roi du libre Arbitre,12&#039;&#039;x12&#039;&#039;,papier fait a la main,argile,grav\u00e9 au stylet et fa\u00e7onn\u00e9,peinture acrylique\" data-attachment-id=\"19475\" class=\"fg-thumb\" data-rel=\"lightbox-image-5\" data-rl_title=\"\" data-rl_caption=\"\"><span class=\"fg-image-wrap\"><img title=\"\" height=\"600\" width=\"596\" class=\"skip-lazy fg-image\" data-src-fg=\"https:\/\/handmadepaperart.com\/wp-content\/uploads\/cache\/Le-roi-du-libre-arbitre12X12\/808892643.jpg\" src=\"data:image\/svg+xml,%3Csvg%20xmlns%3D%22http%3A%2F%2Fwww.w3.org%2F2000%2Fsvg%22%20width%3D%22596%22%20height%3D%22600%22%20viewBox%3D%220%200%20596%20600%22%3E%3C%2Fsvg%3E\" loading=\"eager\"><\/span><span class=\"fg-image-overlay\"><\/span><\/a><figcaption class=\"fg-caption\"><div class=\"fg-caption-inner\"><div class=\"fg-caption-title\">Le roi du libre arbitre,12''X12''<\/div><div class=\"fg-caption-desc\">Le Roi du libre Arbitre,12''x12'',papier fait a la main,argile,grav\u00e9 au stylet et fa\u00e7onn\u00e9,peinture acrylique<\/div><\/div><\/figcaption><\/figure><div class=\"fg-loader\"><\/div><\/div><div class=\"fg-item fg-type-image fg-idle\"><figure class=\"fg-item-inner\"><a href=\"https:\/\/handmadepaperart.com\/wp-content\/uploads\/Le-chant-des-fleurs8X8.jpg\" data-caption-title=\"Le chant des fleurs,8&#039;&#039;X8&#039;&#039;\" data-caption-desc=\"Le Chant des Fleurs,8&#039;&#039;x8&#039;&#039;,papier fait a la main,grav\u00e9 au stylet et fa\u00e7onn\u00e9,peinture acrylique\" data-attachment-id=\"19476\" class=\"fg-thumb\" data-rel=\"lightbox-image-6\" data-rl_title=\"\" data-rl_caption=\"\"><span class=\"fg-image-wrap\"><img title=\"\" height=\"600\" width=\"602\" class=\"skip-lazy fg-image\" data-src-fg=\"https:\/\/handmadepaperart.com\/wp-content\/uploads\/cache\/Le-chant-des-fleurs8X8\/543496690.jpg\" src=\"data:image\/svg+xml,%3Csvg%20xmlns%3D%22http%3A%2F%2Fwww.w3.org%2F2000%2Fsvg%22%20width%3D%22602%22%20height%3D%22600%22%20viewBox%3D%220%200%20602%20600%22%3E%3C%2Fsvg%3E\" loading=\"eager\"><\/span><span class=\"fg-image-overlay\"><\/span><\/a><figcaption class=\"fg-caption\"><div class=\"fg-caption-inner\"><div class=\"fg-caption-title\">Le chant des fleurs,8''X8''<\/div><div class=\"fg-caption-desc\">Le Chant des Fleurs,8''x8'',papier fait a la main,grav\u00e9 au stylet et fa\u00e7onn\u00e9,peinture acrylique<\/div><\/div><\/figcaption><\/figure><div class=\"fg-loader\"><\/div><\/div><div class=\"fg-item fg-type-image fg-idle\"><figure class=\"fg-item-inner\"><a href=\"https:\/\/handmadepaperart.com\/wp-content\/uploads\/Le-Baiser18X24.jpg\" data-caption-title=\"Le Baiser,18&#039;&#039;X24&#039;&#039;\" data-caption-desc=\"Le Baiser,18&#039;&#039;x24&#039;&#039;,papier fait a la main,argile,grav\u00e9 au stylet et fa\u00e7onn\u00e9,peinture acrylique\" data-attachment-id=\"19477\" class=\"fg-thumb\" data-rel=\"lightbox-image-7\" data-rl_title=\"\" data-rl_caption=\"\"><span class=\"fg-image-wrap\"><img title=\"\" height=\"600\" width=\"450\" class=\"skip-lazy fg-image\" data-src-fg=\"https:\/\/handmadepaperart.com\/wp-content\/uploads\/cache\/Le-Baiser18X24\/3398650669.jpg\" src=\"data:image\/svg+xml,%3Csvg%20xmlns%3D%22http%3A%2F%2Fwww.w3.org%2F2000%2Fsvg%22%20width%3D%22450%22%20height%3D%22600%22%20viewBox%3D%220%200%20450%20600%22%3E%3C%2Fsvg%3E\" loading=\"eager\"><\/span><span class=\"fg-image-overlay\"><\/span><\/a><figcaption class=\"fg-caption\"><div class=\"fg-caption-inner\"><div class=\"fg-caption-title\">Le Baiser,18''X24''<\/div><div class=\"fg-caption-desc\">Le Baiser,18''x24'',papier fait a la main,argile,grav\u00e9 au stylet et fa\u00e7onn\u00e9,peinture acrylique<\/div><\/div><\/figcaption><\/figure><div class=\"fg-loader\"><\/div><\/div><div class=\"fg-item fg-type-image fg-idle\"><figure class=\"fg-item-inner\"><a href=\"https:\/\/handmadepaperart.com\/wp-content\/uploads\/La-danse-de-larbre-et-loiseau12X12.jpg\" data-caption-title=\"La danse de l&#039;arbre et l&#039;oiseau,12&#039;&#039;X12&#039;&#039;\" data-caption-desc=\"La Danse de l&#039;Arbre et l&#039;Oiseau,12&#039;&#039;x12&#039;&#039;,papier fait a la main,argile,grav\u00e9 au stylet et fa\u00e7onn\u00e9,peinture acrylique\" data-attachment-id=\"19478\" class=\"fg-thumb\" data-rel=\"lightbox-image-8\" data-rl_title=\"\" data-rl_caption=\"\"><span class=\"fg-image-wrap\"><img title=\"\" height=\"600\" width=\"593\" class=\"skip-lazy fg-image\" data-src-fg=\"https:\/\/handmadepaperart.com\/wp-content\/uploads\/cache\/La-danse-de-larbre-et-loiseau12X12\/2588260987.jpg\" src=\"data:image\/svg+xml,%3Csvg%20xmlns%3D%22http%3A%2F%2Fwww.w3.org%2F2000%2Fsvg%22%20width%3D%22593%22%20height%3D%22600%22%20viewBox%3D%220%200%20593%20600%22%3E%3C%2Fsvg%3E\" loading=\"eager\"><\/span><span class=\"fg-image-overlay\"><\/span><\/a><figcaption class=\"fg-caption\"><div class=\"fg-caption-inner\"><div class=\"fg-caption-title\">La danse de l'arbre et l'oiseau,12''X12''<\/div><div class=\"fg-caption-desc\">La Danse de l'Arbre et l'Oiseau,12''x12'',papier fait a la main,argile,grav\u00e9 au stylet et fa\u00e7onn\u00e9,peinture acrylique<\/div><\/div><\/figcaption><\/figure><div class=\"fg-loader\"><\/div><\/div><div class=\"fg-item fg-type-image fg-idle\"><figure class=\"fg-item-inner\"><a href=\"https:\/\/handmadepaperart.com\/wp-content\/uploads\/\u00c9mergence-8X8.jpg\" data-caption-title=\"\u00c9mergence, 8&#039;&#039;X8&#039;&#039;\" data-caption-desc=\"\u00c9mergence, 8&#039;&#039;X8&#039;&#039;,papier fait a la main,argile,grav\u00e9 au stylet et fa\u00e7onn\u00e9,peinture acrylique\" data-attachment-id=\"19479\" class=\"fg-thumb\" data-rel=\"lightbox-image-9\" data-rl_title=\"\" data-rl_caption=\"\"><span class=\"fg-image-wrap\"><img title=\"\" height=\"600\" width=\"605\" class=\"skip-lazy fg-image\" data-src-fg=\"https:\/\/handmadepaperart.com\/wp-content\/uploads\/cache\/mergence-8X8\/3895092424.jpg\" src=\"data:image\/svg+xml,%3Csvg%20xmlns%3D%22http%3A%2F%2Fwww.w3.org%2F2000%2Fsvg%22%20width%3D%22605%22%20height%3D%22600%22%20viewBox%3D%220%200%20605%20600%22%3E%3C%2Fsvg%3E\" loading=\"eager\"><\/span><span class=\"fg-image-overlay\"><\/span><\/a><figcaption class=\"fg-caption\"><div class=\"fg-caption-inner\"><div class=\"fg-caption-title\">\u00c9mergence, 8''X8''<\/div><div class=\"fg-caption-desc\">\u00c9mergence, 8''X8'',papier fait a la main,argile,grav\u00e9 au stylet et fa\u00e7onn\u00e9,peinture acrylique<\/div><\/div><\/figcaption><\/figure><div class=\"fg-loader\"><\/div><\/div><div class=\"fg-item fg-type-image fg-idle\"><figure class=\"fg-item-inner\"><a href=\"https:\/\/handmadepaperart.com\/wp-content\/uploads\/21-Dialogue-21X36.jpg\" data-caption-title=\"21 Dialogue, 21&#039;&#039;X36&#039;&#039;\" data-caption-desc=\"Dialogue,20&#039;&#039;x35&#039;&#039;,Gravure en relief,papier fait \u00e0 la main par l&#039;artiste.\" data-attachment-id=\"19490\" class=\"fg-thumb\" data-rel=\"lightbox-image-10\" data-rl_title=\"\" data-rl_caption=\"\"><span class=\"fg-image-wrap\"><img title=\"\" height=\"600\" width=\"288\" class=\"skip-lazy fg-image\" data-src-fg=\"https:\/\/handmadepaperart.com\/wp-content\/uploads\/cache\/21-Dialogue-21X36\/3290022150.jpg\" src=\"data:image\/svg+xml,%3Csvg%20xmlns%3D%22http%3A%2F%2Fwww.w3.org%2F2000%2Fsvg%22%20width%3D%22288%22%20height%3D%22600%22%20viewBox%3D%220%200%20288%20600%22%3E%3C%2Fsvg%3E\" loading=\"eager\"><\/span><span class=\"fg-image-overlay\"><\/span><\/a><figcaption class=\"fg-caption\"><div class=\"fg-caption-inner\"><div class=\"fg-caption-title\">21 Dialogue, 21''X36''<\/div><div class=\"fg-caption-desc\">Dialogue,20''x35'',Gravure en relief,papier fait \u00e0 la main par l'artiste.<\/div><\/div><\/figcaption><\/figure><div class=\"fg-loader\"><\/div><\/div><div class=\"fg-item fg-type-image fg-idle\"><figure class=\"fg-item-inner\"><a href=\"https:\/\/handmadepaperart.com\/wp-content\/uploads\/22-Abondance21X36.jpg\" data-caption-title=\"22 Abondance,21&#039;&#039;X36&#039;&#039;\" data-caption-desc=\"Abondance,20&#039;&#039;x35&#039;&#039;,Gravure en relief,papier fait \u00e0 la main par l&#039;artiste.\" data-attachment-id=\"19488\" class=\"fg-thumb\" data-rel=\"lightbox-image-11\" data-rl_title=\"\" data-rl_caption=\"\"><span class=\"fg-image-wrap\"><img title=\"\" height=\"600\" width=\"294\" class=\"skip-lazy fg-image\" data-src-fg=\"https:\/\/handmadepaperart.com\/wp-content\/uploads\/cache\/22-Abondance21X36\/2051461606.jpg\" src=\"data:image\/svg+xml,%3Csvg%20xmlns%3D%22http%3A%2F%2Fwww.w3.org%2F2000%2Fsvg%22%20width%3D%22294%22%20height%3D%22600%22%20viewBox%3D%220%200%20294%20600%22%3E%3C%2Fsvg%3E\" loading=\"eager\"><\/span><span class=\"fg-image-overlay\"><\/span><\/a><figcaption class=\"fg-caption\"><div class=\"fg-caption-inner\"><div class=\"fg-caption-title\">22 Abondance,21''X36''<\/div><div class=\"fg-caption-desc\">Abondance,20''x35'',Gravure en relief,papier fait \u00e0 la main par l'artiste.<\/div><\/div><\/figcaption><\/figure><div class=\"fg-loader\"><\/div><\/div><div class=\"fg-item fg-type-image fg-idle\"><figure class=\"fg-item-inner\"><a href=\"https:\/\/handmadepaperart.com\/wp-content\/uploads\/19-La-Joie-de-Saddha21X36-1.jpg\" data-caption-title=\"19 La Joie de Saddha,21&#039;&#039;X36&#039;&#039;\" data-caption-desc=\"La Joie de Saddha,20&#039;&#039;x35&#039;&#039;,Gravure en relief,papier fait \u00e0 la main par l&#039;artiste.\" data-attachment-id=\"19493\" class=\"fg-thumb\" data-rel=\"lightbox-image-12\" data-rl_title=\"\" data-rl_caption=\"\"><span class=\"fg-image-wrap\"><img title=\"\" height=\"600\" width=\"335\" class=\"skip-lazy fg-image\" data-src-fg=\"https:\/\/handmadepaperart.com\/wp-content\/uploads\/cache\/19-La-Joie-de-Saddha21X36-1\/2115417733.jpg\" src=\"data:image\/svg+xml,%3Csvg%20xmlns%3D%22http%3A%2F%2Fwww.w3.org%2F2000%2Fsvg%22%20width%3D%22335%22%20height%3D%22600%22%20viewBox%3D%220%200%20335%20600%22%3E%3C%2Fsvg%3E\" loading=\"eager\"><\/span><span class=\"fg-image-overlay\"><\/span><\/a><figcaption class=\"fg-caption\"><div class=\"fg-caption-inner\"><div class=\"fg-caption-title\">19 La Joie de Saddha,21''X36''<\/div><div class=\"fg-caption-desc\">La Joie de Saddha,20''x35'',Gravure en relief,papier fait \u00e0 la main par l'artiste.<\/div><\/div><\/figcaption><\/figure><div class=\"fg-loader\"><\/div><\/div><div class=\"fg-item fg-type-image fg-idle\"><figure class=\"fg-item-inner\"><a href=\"https:\/\/handmadepaperart.com\/wp-content\/uploads\/20-Le-Grand-Saut21X36.jpg\" data-caption-title=\"20 Le Grand Saut,21&#039;&#039;X36&#039;&#039;\" data-caption-desc=\"Le Grand Saut,20&#039;&#039;x35&#039;&#039;,Gravure en relief,papier fait \u00e0 la main par l&#039;artiste.\" data-attachment-id=\"19492\" class=\"fg-thumb\" data-rel=\"lightbox-image-13\" data-rl_title=\"\" data-rl_caption=\"\"><span class=\"fg-image-wrap\"><img title=\"\" height=\"600\" width=\"290\" class=\"skip-lazy fg-image\" data-src-fg=\"https:\/\/handmadepaperart.com\/wp-content\/uploads\/cache\/20-Le-Grand-Saut21X36\/2044742803.jpg\" src=\"data:image\/svg+xml,%3Csvg%20xmlns%3D%22http%3A%2F%2Fwww.w3.org%2F2000%2Fsvg%22%20width%3D%22290%22%20height%3D%22600%22%20viewBox%3D%220%200%20290%20600%22%3E%3C%2Fsvg%3E\" loading=\"eager\"><\/span><span class=\"fg-image-overlay\"><\/span><\/a><figcaption class=\"fg-caption\"><div class=\"fg-caption-inner\"><div class=\"fg-caption-title\">20 Le Grand Saut,21''X36''<\/div><div class=\"fg-caption-desc\">Le Grand Saut,20''x35'',Gravure en relief,papier fait \u00e0 la main par l'artiste.<\/div><\/div><\/figcaption><\/figure><div class=\"fg-loader\"><\/div><\/div><div class=\"fg-item fg-type-image fg-idle\"><figure class=\"fg-item-inner\"><a href=\"https:\/\/handmadepaperart.com\/wp-content\/uploads\/17-Touch\u00e9e-par-la-Gr\u00e2ce21X36.jpg\" data-caption-title=\"17 Touch\u00e9e par la Gr\u00e2ce,21&#039;&#039;X36&#039;&#039;\" data-caption-desc=\"Touch\u00e9e par la Grace,21&#039;&#039;x29&#039;&#039;,papier fait \u00e0 la main par l&#039;artiste, relief,peinture acrylique.\" data-attachment-id=\"19496\" class=\"fg-thumb\" data-rel=\"lightbox-image-14\" data-rl_title=\"\" data-rl_caption=\"\"><span class=\"fg-image-wrap\"><img title=\"\" height=\"600\" width=\"398\" class=\"skip-lazy fg-image\" data-src-fg=\"https:\/\/handmadepaperart.com\/wp-content\/uploads\/cache\/17-Touch\u00e9e-par-la-Gr\u00e2ce21X36\/4262588602.jpg\" src=\"data:image\/svg+xml,%3Csvg%20xmlns%3D%22http%3A%2F%2Fwww.w3.org%2F2000%2Fsvg%22%20width%3D%22398%22%20height%3D%22600%22%20viewBox%3D%220%200%20398%20600%22%3E%3C%2Fsvg%3E\" loading=\"eager\"><\/span><span class=\"fg-image-overlay\"><\/span><\/a><figcaption class=\"fg-caption\"><div class=\"fg-caption-inner\"><div class=\"fg-caption-title\">17 Touch\u00e9e par la Gr\u00e2ce,21''X36''<\/div><div class=\"fg-caption-desc\">Touch\u00e9e par la Grace,21''x29'',papier fait \u00e0 la main par l'artiste, relief,peinture acrylique.<\/div><\/div><\/figcaption><\/figure><div class=\"fg-loader\"><\/div><\/div><div class=\"fg-item fg-type-image fg-idle\"><figure class=\"fg-item-inner\"><a href=\"https:\/\/handmadepaperart.com\/wp-content\/uploads\/36-Laisser-circuler-l\u00e9nergie-4\u00bdX7\u00bd-1.jpg\" data-caption-title=\"36 Laisser circuler l&#039;\u00e9nergie, 4\u00bd&#039;&#039;X7\u00bd&#039;&#039;\" data-caption-desc=\"Laissez Circuler l&#039;\u00c9nergie,53&#039;&#039;x90&#039;&#039;,papier fait \u00e0 la main par l&#039;artiste, relief,peinture acrylique.\" data-attachment-id=\"19487\" class=\"fg-thumb\" data-rel=\"lightbox-image-15\" data-rl_title=\"\" data-rl_caption=\"\"><span class=\"fg-image-wrap\"><img title=\"\" height=\"600\" width=\"971\" class=\"skip-lazy fg-image\" data-src-fg=\"https:\/\/handmadepaperart.com\/wp-content\/uploads\/cache\/36-Laisser-circuler-l\u00e9nergie-4\u00bdX7\u00bd-1\/2166052778.jpg\" src=\"data:image\/svg+xml,%3Csvg%20xmlns%3D%22http%3A%2F%2Fwww.w3.org%2F2000%2Fsvg%22%20width%3D%22971%22%20height%3D%22600%22%20viewBox%3D%220%200%20971%20600%22%3E%3C%2Fsvg%3E\" loading=\"eager\"><\/span><span class=\"fg-image-overlay\"><\/span><\/a><figcaption class=\"fg-caption\"><div class=\"fg-caption-inner\"><div class=\"fg-caption-title\">36 Laisser circuler l'\u00e9nergie, 4\u00bd''X7\u00bd''<\/div><div class=\"fg-caption-desc\">Laissez Circuler l'\u00c9nergie,53''x90'',papier fait \u00e0 la main par l'artiste, relief,peinture acrylique.<\/div><\/div><\/figcaption><\/figure><div class=\"fg-loader\"><\/div><\/div><\/div>\r\n\n","protected":false},"excerpt":{"rendered":"Gualala-BienGualala BienIntensit\u00e9Intensit\u00e9,15''x24'',papier fait \u00e0 la main par l'artiste, relief,peinture acrylique.original en \u00e9dition limit\u00e9 sur 50Arbre de FeuArbre de Feu,18''x18'',papier fait \u00e0 la main par l'artiste, relief,peinture acrylique.original en \u00e9dition limit\u00e9 sur 50Vivante22''x22'',papier fait main,1800$Le secret du coquillage,8''X12''Le Secret du Coquillage,8''x12'',papier fait a la main,argile,grav\u00e9 au stylet et fa\u00e7onn\u00e9,peinture acryliqueLe roi du libre arbitre,12''X12''Le Roi du [...]","protected":false},"author":1,"featured_media":0,"parent":1229,"menu_order":0,"comment_status":"closed","ping_status":"closed","template":"","meta":{"footnotes":""},"_links":{"self":[{"href":"https:\/\/handmadepaperart.com\/en\/wp-json\/wp\/v2\/pages\/712"}],"collection":[{"href":"https:\/\/handmadepaperart.com\/en\/wp-json\/wp\/v2\/pages"}],"about":[{"href":"https:\/\/handmadepaperart.com\/en\/wp-json\/wp\/v2\/types\/page"}],"author":[{"embeddable":true,"href":"https:\/\/handmadepaperart.com\/en\/wp-json\/wp\/v2\/users\/1"}],"replies":[{"embeddable":true,"href":"https:\/\/handmadepaperart.com\/en\/wp-json\/wp\/v2\/comments?post=712"}],"version-history":[{"count":8,"href":"https:\/\/handmadepaperart.com\/en\/wp-json\/wp\/v2\/pages\/712\/revisions"}],"predecessor-version":[{"id":19429,"href":"https:\/\/handmadepaperart.com\/en\/wp-json\/wp\/v2\/pages\/712\/revisions\/19429"}],"up":[{"embeddable":true,"href":"https:\/\/handmadepaperart.com\/en\/wp-json\/wp\/v2\/pages\/1229"}],"wp:attachment":[{"href":"https:\/\/handmadepaperart.com\/en\/wp-json\/wp\/v2\/media?parent=712"}],"curies":[{"name":"wp","href":"https:\/\/api.w.org\/{rel}","templated":true}]}}